{"id":3,"date":"2024-06-06T09:07:28","date_gmt":"2024-06-06T12:07:28","guid":{"rendered":"http:\/\/gridcriativa.com.br\/?page_id=3"},"modified":"2024-06-13T09:21:54","modified_gmt":"2024-06-13T12:21:54","slug":"politica-de-privacidade","status":"publish","type":"page","link":"https:\/\/gridcriativa.com.br\/index.php\/politica-de-privacidade\/","title":{"rendered":"Pol\u00edtica de privacidade"},"content":{"rendered":"\t\t<div data-elementor-type=\"wp-page\" data-elementor-id=\"3\" class=\"elementor elementor-3\" data-elementor-post-type=\"page\">\n\t\t\t\t\t\t<section data-particle_enable=\"false\" data-particle-mobile-disabled=\"false\" class=\"elementor-section elementor-top-section elementor-element elementor-element-4b508ea4 elementor-section-boxed elementor-section-height-default elementor-section-height-default\" data-id=\"4b508ea4\" data-element_type=\"section\" data-e-type=\"section\" data-settings=\"{&quot;background_background&quot;:&quot;classic&quot;}\">\n\t\t\t\t\t\t<div class=\"elementor-container elementor-column-gap-default\">\n\t\t\t\t\t<div class=\"elementor-column elementor-col-100 elementor-top-column elementor-element elementor-element-56f83ce7\" data-id=\"56f83ce7\" data-element_type=\"column\" data-e-type=\"column\">\n\t\t\t<div class=\"elementor-widget-wrap elementor-element-populated\">\n\t\t\t\t\t\t<div class=\"elementor-element elementor-element-154b0ef2 de_scroll_animation_no elementor-widget elementor-widget-qi_addons_for_elementor_animated_text\" data-id=\"154b0ef2\" data-element_type=\"widget\" data-e-type=\"widget\" data-widget_type=\"qi_addons_for_elementor_animated_text.default\">\n\t\t\t\t<div class=\"elementor-widget-container\">\n\t\t\t\t\t<div class=\"qodef-shortcode qodef-m qodef-qi-animated-text qodef--animated-by-word qodef--alignment-left qodef-qi--has-appear qodef--appear-from-right\" >\n\t\t<h2 class=\"qodef-m-title\">\n\t\t<span class=\"qodef-e-word\">Pol\u00edtica<\/span> <span class=\"qodef-e-word\">de<\/span> <span class=\"qodef-e-word\">Privacidade<\/span>\t<\/h2>\n<\/div>\n\t\t\t\t<\/div>\n\t\t\t\t<\/div>\n\t\t\t\t\t<\/div>\n\t\t<\/div>\n\t\t\t\t\t<\/div>\n\t\t<\/section>\n\t\t\t\t<section data-particle_enable=\"false\" data-particle-mobile-disabled=\"false\" class=\"elementor-section elementor-top-section elementor-element elementor-element-7e630116 elementor-section-full_width elementor-section-height-default elementor-section-height-default\" data-id=\"7e630116\" data-element_type=\"section\" data-e-type=\"section\" data-settings=\"{&quot;background_background&quot;:&quot;classic&quot;}\">\n\t\t\t\t\t\t<div class=\"elementor-container elementor-column-gap-default\">\n\t\t\t\t\t<div class=\"elementor-column elementor-col-100 elementor-top-column elementor-element elementor-element-381168fe\" data-id=\"381168fe\" data-element_type=\"column\" data-e-type=\"column\">\n\t\t\t<div class=\"elementor-widget-wrap elementor-element-populated\">\n\t\t\t\t\t\t<div class=\"elementor-element elementor-element-b5316e0 de_scroll_animation_no elementor-widget elementor-widget-spacer\" data-id=\"b5316e0\" data-element_type=\"widget\" data-e-type=\"widget\" data-widget_type=\"spacer.default\">\n\t\t\t\t<div class=\"elementor-widget-container\">\n\t\t\t\t\t\t\t<div class=\"elementor-spacer\">\n\t\t\t<div class=\"elementor-spacer-inner\"><\/div>\n\t\t<\/div>\n\t\t\t\t\t\t<\/div>\n\t\t\t\t<\/div>\n\t\t\t\t<div class=\"elementor-element elementor-element-69baf19 de_scroll_animation_no elementor-invisible elementor-widget elementor-widget-text-editor\" data-id=\"69baf19\" data-element_type=\"widget\" data-e-type=\"widget\" data-settings=\"{&quot;_animation&quot;:&quot;fadeIn&quot;}\" data-widget_type=\"text-editor.default\">\n\t\t\t\t<div class=\"elementor-widget-container\">\n\t\t\t\t\t\t\t\t\t<p>A Grid Criativa, localizada na R. Ant\u00f4nio Jos\u00e9 de Souza, 721 &#8211; Sert\u00e3o do Maruim, S\u00e3o Jos\u00e9 &#8211; SC, tem o compromisso de proteger a privacidade e a seguran\u00e7a dos dados pessoais de seus clientes e visitantes do site. Esta pol\u00edtica de privacidade explica como coletamos, usamos, armazenamos e protegemos suas informa\u00e7\u00f5es.<\/p>\n<p><strong>Informa\u00e7\u00f5es de Contato<\/strong><\/p>\n<ul>\n<li>E-mail: <a rel=\"noreferrer\">info@gridcriativa.com.br<\/a><\/li>\n<li>Telefone: +55 48 988615577, +55 48 991676918<\/li>\n<li>Website: <a href=\"https:\/\/www.gridcriativa.com.br\" target=\"_new\" rel=\"noreferrer\">www.gridcriativa.com.br<\/a><\/li>\n<\/ul>\n<p><strong>Dados Coletados<\/strong><\/p>\n<p>Coletamos os seguintes dados pessoais:<\/p>\n<ul>\n<li>Nome<\/li>\n<li>E-mail<\/li>\n<li>Telefone<\/li>\n<\/ul>\n<p>Al\u00e9m disso, utilizamos cookies e tecnologias similares para melhorar a experi\u00eancia do usu\u00e1rio e para finalidades de marketing e remarketing.<\/p>\n<p><strong>Finalidade da Coleta de Dados<\/strong><\/p>\n<p>Os dados coletados s\u00e3o utilizados exclusivamente para:<\/p>\n<ul>\n<li>Contato com os clientes<\/li>\n<li>Marketing e remarketing<\/li>\n<\/ul>\n<p><strong>Uso e Compartilhamento dos Dados<\/strong><\/p>\n<p>Os dados pessoais coletados s\u00e3o utilizados apenas para as finalidades mencionadas acima e n\u00e3o s\u00e3o compartilhados com terceiros. Todos os dados s\u00e3o mantidos dentro da empresa e protegidos por medidas de seguran\u00e7a rigorosas.<\/p>\n<p><strong>Direitos dos Usu\u00e1rios<\/strong><\/p>\n<p>Os usu\u00e1rios t\u00eam total direito sobre seus dados pessoais. A qualquer momento, voc\u00ea pode solicitar:<\/p>\n<ul>\n<li>Acesso aos seus dados pessoais<\/li>\n<li>Corre\u00e7\u00e3o de dados imprecisos<\/li>\n<li>Exclus\u00e3o dos seus dados pessoais<\/li>\n<\/ul>\n<p>Para exercer esses direitos, entre em contato conosco pelo e-mail <a rel=\"noreferrer\">info@gridcriativa.com.br<\/a>.<\/p>\n<p><strong>Seguran\u00e7a dos Dados<\/strong><\/p>\n<p>Nosso banco de dados \u00e9 totalmente protegido e criptografado, garantindo a seguran\u00e7a das informa\u00e7\u00f5es pessoais dos nossos clientes.<\/p>\n<p><strong>Cookies e Tecnologias Similares<\/strong><\/p>\n<p>Utilizamos cookies para coletar informa\u00e7\u00f5es sobre sua navega\u00e7\u00e3o no nosso site. Isso nos ajuda a personalizar e melhorar sua experi\u00eancia. Voc\u00ea pode gerenciar suas prefer\u00eancias de cookies nas configura\u00e7\u00f5es do seu navegador.<\/p>\n<p><strong>Altera\u00e7\u00f5es na Pol\u00edtica de Privacidade<\/strong><\/p>\n<p>Esta pol\u00edtica de privacidade pode ser alterada a qualquer momento, especialmente em caso de mudan\u00e7as nas leis aplic\u00e1veis. As altera\u00e7\u00f5es ser\u00e3o publicadas no nosso site sem aviso pr\u00e9vio.<\/p>\n<p><strong>Contato<\/strong><\/p>\n<p>Para d\u00favidas ou quest\u00f5es relacionadas \u00e0 nossa pol\u00edtica de privacidade, entre em contato pelo e-mail <a rel=\"noreferrer\">info@gridcriativa.com.br<\/a>.<\/p>\t\t\t\t\t\t\t\t<\/div>\n\t\t\t\t<\/div>\n\t\t\t\t<div class=\"elementor-element elementor-element-329145fc elementor-widget__width-auto elementor-absolute elementor-view-default de_scroll_animation_no elementor-invisible elementor-widget elementor-widget-icon\" data-id=\"329145fc\" data-element_type=\"widget\" data-e-type=\"widget\" data-settings=\"{&quot;_position&quot;:&quot;absolute&quot;,&quot;_animation&quot;:&quot;fadeIn&quot;}\" data-widget_type=\"icon.default\">\n\t\t\t\t<div class=\"elementor-widget-container\">\n\t\t\t\t\t\t\t<div class=\"elementor-icon-wrapper\">\n\t\t\t<div class=\"elementor-icon\">\n\t\t\t<i aria-hidden=\"true\" class=\"dticon dticon-locate-outline\"><\/i>\t\t\t<\/div>\n\t\t<\/div>\n\t\t\t\t\t\t<\/div>\n\t\t\t\t<\/div>\n\t\t\t\t\t<\/div>\n\t\t<\/div>\n\t\t\t\t\t<\/div>\n\t\t<\/section>\n\t\t<div data-particle_enable=\"false\" data-particle-mobile-disabled=\"false\" class=\"elementor-element elementor-element-a195d30 e-flex e-con-boxed e-con e-parent\" data-id=\"a195d30\" data-element_type=\"container\" data-e-type=\"container\">\n\t\t\t\t\t<div class=\"e-con-inner\">\n\t\t\t\t<div class=\"elementor-element elementor-element-64cad94 elementor-fixed animated-slow e-transform e-transform e-transform elementor-view-default de_scroll_animation_no elementor-invisible elementor-widget elementor-widget-icon\" data-id=\"64cad94\" data-element_type=\"widget\" data-e-type=\"widget\" data-settings=\"{&quot;_position&quot;:&quot;fixed&quot;,&quot;motion_fx_motion_fx_mouse&quot;:&quot;yes&quot;,&quot;_animation&quot;:&quot;fadeInLeft&quot;,&quot;_animation_delay&quot;:3,&quot;_transform_translateX_effect&quot;:{&quot;unit&quot;:&quot;px&quot;,&quot;size&quot;:0,&quot;sizes&quot;:[]},&quot;_transform_translateY_effect&quot;:{&quot;unit&quot;:&quot;px&quot;,&quot;size&quot;:0,&quot;sizes&quot;:[]},&quot;_transform_rotateZ_effect&quot;:{&quot;unit&quot;:&quot;px&quot;,&quot;size&quot;:&quot;&quot;,&quot;sizes&quot;:[]},&quot;_transform_rotateZ_effect_tablet&quot;:{&quot;unit&quot;:&quot;deg&quot;,&quot;size&quot;:&quot;&quot;,&quot;sizes&quot;:[]},&quot;_transform_rotateZ_effect_mobile&quot;:{&quot;unit&quot;:&quot;deg&quot;,&quot;size&quot;:&quot;&quot;,&quot;sizes&quot;:[]},&quot;_transform_translateX_effect_tablet&quot;:{&quot;unit&quot;:&quot;px&quot;,&quot;size&quot;:&quot;&quot;,&quot;sizes&quot;:[]},&quot;_transform_translateX_effect_mobile&quot;:{&quot;unit&quot;:&quot;px&quot;,&quot;size&quot;:&quot;&quot;,&quot;sizes&quot;:[]},&quot;_transform_translateY_effect_tablet&quot;:{&quot;unit&quot;:&quot;px&quot;,&quot;size&quot;:&quot;&quot;,&quot;sizes&quot;:[]},&quot;_transform_translateY_effect_mobile&quot;:{&quot;unit&quot;:&quot;px&quot;,&quot;size&quot;:&quot;&quot;,&quot;sizes&quot;:[]},&quot;_transform_scale_effect&quot;:{&quot;unit&quot;:&quot;px&quot;,&quot;size&quot;:&quot;&quot;,&quot;sizes&quot;:[]},&quot;_transform_scale_effect_tablet&quot;:{&quot;unit&quot;:&quot;px&quot;,&quot;size&quot;:&quot;&quot;,&quot;sizes&quot;:[]},&quot;_transform_scale_effect_mobile&quot;:{&quot;unit&quot;:&quot;px&quot;,&quot;size&quot;:&quot;&quot;,&quot;sizes&quot;:[]}}\" data-widget_type=\"icon.default\">\n\t\t\t\t<div class=\"elementor-widget-container\">\n\t\t\t\t\t\t\t<div class=\"elementor-icon-wrapper\">\n\t\t\t<a class=\"elementor-icon elementor-animation-pulse\" href=\"https:\/\/api.whatsapp.com\/send?phone=5548988615577&#038;text=Ol%C3%A1,%20estou%20vindo%20encaminhado%20do%20site%20da%20Grid%20Criativa%20e%20gostaria%20de%20fazer%20um%20or%C3%A7amento,%20pode%20me%20ajudar?\" target=\"_blank\">\n\t\t\t<i aria-hidden=\"true\" class=\"icon icon-whatsapp-1\"><\/i>\t\t\t<\/a>\n\t\t<\/div>\n\t\t\t\t\t\t<\/div>\n\t\t\t\t<\/div>\n\t\t\t\t\t<\/div>\n\t\t\t\t<\/div>\n\t\t\t\t<\/div>\n\t\t","protected":false},"excerpt":{"rendered":"<p>Pol\u00edtica de Privacidade A Grid Criativa, localizada na R. Ant\u00f4nio Jos\u00e9 de Souza, 721 &#8211; Sert\u00e3o do Maruim, S\u00e3o Jos\u00e9 &#8211; SC, tem o compromisso de proteger a privacidade e a seguran\u00e7a dos dados pessoais de seus clientes e visitantes do site. Esta pol\u00edtica de privacidade explica como coletamos, usamos, armazenamos e protegemos suas informa\u00e7\u00f5es. [&hellip;]<\/p>\n","protected":false},"author":1,"featured_media":0,"parent":0,"menu_order":0,"comment_status":"closed","ping_status":"open","template":"elementor_header_footer","meta":{"_joinchat":[],"footnotes":""},"class_list":["post-3","page","type-page","status-publish","hentry"],"_links":{"self":[{"href":"https:\/\/gridcriativa.com.br\/index.php\/wp-json\/wp\/v2\/pages\/3","targetHints":{"allow":["GET"]}}],"collection":[{"href":"https:\/\/gridcriativa.com.br\/index.php\/wp-json\/wp\/v2\/pages"}],"about":[{"href":"https:\/\/gridcriativa.com.br\/index.php\/wp-json\/wp\/v2\/types\/page"}],"author":[{"embeddable":true,"href":"https:\/\/gridcriativa.com.br\/index.php\/wp-json\/wp\/v2\/users\/1"}],"replies":[{"embeddable":true,"href":"https:\/\/gridcriativa.com.br\/index.php\/wp-json\/wp\/v2\/comments?post=3"}],"version-history":[{"count":0,"href":"https:\/\/gridcriativa.com.br\/index.php\/wp-json\/wp\/v2\/pages\/3\/revisions"}],"wp:attachment":[{"href":"https:\/\/gridcriativa.com.br\/index.php\/wp-json\/wp\/v2\/media?parent=3"}],"curies":[{"name":"wp","href":"https:\/\/api.w.org\/{rel}","templated":true}]}}